{"id":41,"date":"2024-07-09T16:50:06","date_gmt":"2024-07-09T21:50:06","guid":{"rendered":"https:\/\/mercedes-uruguay.solucionsoft.com\/?page_id=41"},"modified":"2024-07-10T12:50:12","modified_gmt":"2024-07-10T17:50:12","slug":"terms","status":"publish","type":"page","link":"https:\/\/mercedes-uruguay.solucionsoft.com\/?page_id=41","title":{"rendered":"Terminos y Condicioness"},"content":{"rendered":"\n<h1 class=\"wp-block-heading\">Finalidades de la autorizaci\u00f3n para el uso y tratamiento de datos e informaci\u00f3n personal<\/h1>\n\n\n\n<p>Con la autorizaci\u00f3n del tratamiento de mis datos personales se me podr\u00e1 contactar mediante: sms, whatsapp, correo electr\u00f3nico, direcci\u00f3n de residencia, llamada telef\u00f3nica y\/o cualquier otro medio de comunicaci\u00f3n instant\u00e1neo o formal por motivos de: Env\u00edo de informaci\u00f3n relacionada con todo el concepto de experiencia de cualquiera de las marcas que hacen parte de Autolider Uruguay S.A., ya sea para fines de actualizaci\u00f3n de datos, invitaci\u00f3n a eventos, env\u00edo de publicidad, fines estad\u00edsticos, env\u00edo de informaci\u00f3n de productos y servicios, ofertas, descuentos, informaci\u00f3n corporativa, auditorias, seguimientos, promociones, encuestas, llamadas de seguimiento, env\u00edo de productos a la direcci\u00f3n de residencia, as\u00ed como env\u00edo de informaci\u00f3n de campa\u00f1as t\u00e9cnicas de servicio, seguridad o \u201crecall\u201d, de productos financieros y de seguros para la adquisici\u00f3n de bienes y servicios de cualquiera de las marcas que hacen parte de Autolider Uruguay S.A.; de igual forma, esta autorizaci\u00f3n comprende el mandato expreso para que mi informaci\u00f3n haga parte de la Base de Datos de Autolider Uruguay S.A., as\u00ed como tambi\u00e9n pueda ser transferida y\/o transmitida a otras compa\u00f1\u00edas externas del grupo con residencia en Uruguay o en otros pa\u00edses, incluyendo mas no limit\u00e1ndose a las marcas de los productos que importa, comercializa y distribuye Autolider Uruguay S.A.<\/p>\n\n\n\n<h2 class=\"wp-block-heading\">Copyright<\/h2>\n\n\n\n<p>Copyright 2018 Daimler AG. Todos los derechos reservados. El texto, im\u00e1genes, gr\u00e1ficos, ficheros de sonido, ficheros de animaci\u00f3n, ficheros de v\u00eddeo y su dise\u00f1o son sujeto de copyright y de protecci\u00f3n de la propiedad intelectual. Todos estos objetos no podr\u00e1n ser v\u00e1lida y leg\u00edtimamente copiados o distribuidos para uso comercial, ni podr\u00e1n ser modificados o insertados en otras p\u00e1ginas Web. Algunas p\u00e1ginas Web de Daimler AG pueden contener igualmente material cuyo copyright pertenezca a terceras personas.<\/p>\n\n\n\n<h2 class=\"wp-block-heading\">Productos y precios<\/h2>\n\n\n\n<p>Tras el cierre de redacci\u00f3n de las distintas p\u00e1ginas Web pueden haberse producido cambios en relaci\u00f3n a los datos que contienen. El fabricante se reserva el derecho de efectuar modificaciones en el dise\u00f1o, la forma, el color o el equipamiento durante el plazo que media entre el pedido y la entrega, siempre y cuando dichas modificaciones o divergencias sean razonablemente aceptables para el cliente y no exista detrimento de los intereses de Daimler AG. Las ilustraciones muestran, tambi\u00e9n, equipos opcionales, accesorios y otros elementos no pertenecientes al equipamiento de serie. Posibles diferencias entre la pintura original y el color reproducido se deben a la t\u00e9cnica de reproducci\u00f3n. Algunas p\u00e1ginas Web pueden contener modelos y servicios no disponibles en determinados pa\u00edses. Las informaciones referentes a prescripciones legales y fiscales y sus efectos son v\u00e1lidas \u00fanicamente en la Rep\u00fablica Federal de Alemania. Salvo que en las condiciones de compra y entrega se establezca lo contrario, tendr\u00e1n validez los precios vigentes el d\u00eda de la entrega. Todos los precios especificados son precios m\u00e1ximos recomendados al concesionario. Se recomienda que para obtener datos m\u00e1s actualizados se dirija a su Concesionario Oficial Mercedes-Benz.<\/p>\n\n\n\n<h2 class=\"wp-block-heading\">Marcas comerciales<\/h2>\n\n\n\n<p>Salvo indicaci\u00f3n contraria, todas las marcas exhibidas en las p\u00e1ginas Web de Daimler AG est\u00e1n amparadas por los derechos de la marca Daimler, incluyendo todas las placas identificativas de modelo, logotipos y emblemas corporativos de la empresa.<\/p>\n\n\n\n<h2 class=\"wp-block-heading\">Licencias<\/h2>\n\n\n\n<p>Daimler AG se ha esforzado por crear una oferta de Internet innovadora e informativa. Esperamos que el resultado le guste tanto como a nosotros. No obstante, debe comprender que Daimler AG necesita proteger su propiedad intelectual, incluyendo sus patentes, marcas y copyrights, por lo que estas p\u00e1ginas de Internet en ning\u00fan caso le otorgar\u00e1n licencia alguna sobre la propiedad intelectual relativa a Daimler AG.<\/p>\n\n\n\n<h2 class=\"wp-block-heading\">Afirmaciones prospectivas. Declaraciones a futuro<\/h2>\n\n\n\n<p>Las p\u00e1ginas de Internet, relaciones de inversores, memorias anuales, informes provisionales, perspectivas, presentaciones, tranmisiones de eventos (sonoras o audiovisuales, en directo o en diferido) y dem\u00e1s documentos ofrecidos en este sitio Web contienen afirmaciones basadas en supuestos y pron\u00f3sticos de la direcci\u00f3n de la empresa. El empleo de verbos tales como &#8220;anticipar&#8221;, &#8220;suponer&#8221;, &#8220;creer&#8221;, &#8220;estimar&#8221;, &#8220;esperar&#8221;, &#8220;pretender&#8221;, &#8220;poder&#8221;, &#8220;planificar&#8221; o &#8220;proyectar&#8221;, as\u00ed como de t\u00e9rminos similares, tiene por objeto identificar afirmaciones prospectivas, sujetas a riesgos e incertidumbres. Cabe citar como ejemplos de estos riesgos una coyuntura econ\u00f3mica desfavorable en Europa o EE.UU., fluctuaciones de los tipos de cambio, variaciones de los tipos de inter\u00e9s o del precio de las materias primas, adem\u00e1s del lanzamiento de productos rivales, mayores incentivos de venta, el \u00e9xito del nuevo modelo de negocio de smart, una reducci\u00f3n del precio de venta de veh\u00edculos usados. Los futuros resultados de la empresa pueden diferir considerablemente de los anunciados de forma expl\u00edcita o impl\u00edcita en las declaraciones prospectivas debido a estos u otros factores, algunos de los cuales aparecen recogidos en la actual memoria anual de Daimler AG bajo el t\u00edtulo &#8220;Informe de riesgo&#8221; y en el informe anual del Formulario 20-F, entregado por Daimler AG a la Comisi\u00f3n de Valores e Intercambio Burs\u00e1til estadounidense, bajo el ep\u00edgrafe &#8220;Risk Factors&#8221;. Daimler AG no se compromete a ir actualizando dichas afirmaciones prospectivas, basadas exclusivamente en las circunstancias presentes en el d\u00eda de su publicaci\u00f3n.<\/p>\n\n\n\n<h2 class=\"wp-block-heading\">Garant\u00edas de contenido<\/h2>\n\n\n\n<p>Toda la informaci\u00f3n contenida en estas p\u00e1ginas se ofrece a t\u00edtulo orientativo. Es lo m\u00e1s precisa y actual posible, pero sin ning\u00fan tipo de garant\u00eda, ya sea impl\u00edcita o expl\u00edcita. En especial no constituye un compromiso o garant\u00eda t\u00e1cita acerca de la composici\u00f3n o comerciabilidad de productos, la idoneidad para determinados usos o el cumplimiento de leyes y la observancia de patentes.<br>Nuestras p\u00e1ginas de Internet incluyen asimismo enlaces a sitios Web externos, cuyos contenidos y dise\u00f1o son ajenos al control de Daimler AG. En ning\u00fan caso nos hacemos responsables de que \u00e9stos sean actuales o exactos, ni de que se ofrezcan \u00edntegramente o presenten un determinado nivel de calidad. Nos distanciamos expresamente de todos los contenidos de las p\u00e1ginas enlazadas. Esta declaraci\u00f3n comprende la totalidad de enlaces a sitios Web externos ofrecidos en nuestras p\u00e1ginas de Internet, as\u00ed como sus contenidos.<\/p>\n\n\n\n<p><a href=\"http:\/\/ec.europa.eu\/consumers\/odr\" target=\"_blank\" rel=\"noreferrer noopener\">http:\/\/ec.europa.eu\/consumers\/odr<\/a><\/p>\n","protected":false},"excerpt":{"rendered":"<p>Finalidades de la autorizaci\u00f3n para el uso y tratamiento de datos e informaci\u00f3n personal Con la autorizaci\u00f3n del tratamiento de mis datos personales se me podr\u00e1 contactar mediante: sms, whatsapp, correo electr\u00f3nico, direcci\u00f3n de residencia, llamada telef\u00f3nica y\/o cualquier otro medio de comunicaci\u00f3n instant\u00e1neo o formal por motivos de: Env\u00edo de informaci\u00f3n relacionada con todo [&hellip;]<\/p>\n","protected":false},"author":1,"featured_media":0,"parent":0,"menu_order":0,"comment_status":"closed","ping_status":"closed","template":"","meta":{"footnotes":""},"class_list":["post-41","page","type-page","status-publish","hentry"],"_links":{"self":[{"href":"https:\/\/mercedes-uruguay.solucionsoft.com\/index.php?rest_route=\/wp\/v2\/pages\/41","targetHints":{"allow":["GET"]}}],"collection":[{"href":"https:\/\/mercedes-uruguay.solucionsoft.com\/index.php?rest_route=\/wp\/v2\/pages"}],"about":[{"href":"https:\/\/mercedes-uruguay.solucionsoft.com\/index.php?rest_route=\/wp\/v2\/types\/page"}],"author":[{"embeddable":true,"href":"https:\/\/mercedes-uruguay.solucionsoft.com\/index.php?rest_route=\/wp\/v2\/users\/1"}],"replies":[{"embeddable":true,"href":"https:\/\/mercedes-uruguay.solucionsoft.com\/index.php?rest_route=%2Fwp%2Fv2%2Fcomments&post=41"}],"version-history":[{"count":7,"href":"https:\/\/mercedes-uruguay.solucionsoft.com\/index.php?rest_route=\/wp\/v2\/pages\/41\/revisions"}],"predecessor-version":[{"id":58,"href":"https:\/\/mercedes-uruguay.solucionsoft.com\/index.php?rest_route=\/wp\/v2\/pages\/41\/revisions\/58"}],"wp:attachment":[{"href":"https:\/\/mercedes-uruguay.solucionsoft.com\/index.php?rest_route=%2Fwp%2Fv2%2Fmedia&parent=41"}],"curies":[{"name":"wp","href":"https:\/\/api.w.org\/{rel}","templated":true}]}}