{"id":34,"date":"2024-07-09T16:47:15","date_gmt":"2024-07-09T21:47:15","guid":{"rendered":"https:\/\/mercedes-uruguay.solucionsoft.com\/?page_id=34"},"modified":"2024-07-09T16:47:38","modified_gmt":"2024-07-09T21:47:38","slug":"protection","status":"publish","type":"page","link":"https:\/\/mercedes-uruguay.solucionsoft.com\/?page_id=34","title":{"rendered":"Protecci\u00f3n de datos"},"content":{"rendered":"\n<p>Daimler le agradece su visita a nuestra p\u00e1gina web, as\u00ed como su inter\u00e9s por nuestra empresa y nuestros productos. Nos tomamos muy en serio la protecci\u00f3n de sus datos personales y deseamos que se sienta a gusto durante la visita a nuestra p\u00e1gina web. La protecci\u00f3n de su \u00e1mbito privado durante el procesamiento de datos personales es uno de nuestros objetivos m\u00e1s importantes, que respetamos en nuestras operaciones comerciales. Los datos personales que obtenemos cuando se visitan nuestras p\u00e1ginas web son procesados de acuerdo con las disposiciones oficiales sobre protecci\u00f3n de datos del pa\u00eds en el que se encuentre el distribuidor responsable del tratamiento de los mismos. En todos los dem\u00e1s aspectos, nuestra pol\u00edtica de protecci\u00f3n de datos se basa en la directriz de protecci\u00f3n de datos vigente para Daimler.&nbsp;<br>Las p\u00e1ginas web de Daimler pueden contener enlaces a p\u00e1ginas web de otros proveedores, las cuales quedan excluidas de la presente declaraci\u00f3n de protecci\u00f3n de datos.<\/p>\n\n\n\n<p><a target=\"_blank\" href=\"https:\/\/www.mercedes-benz.com.uy\/mercedes\/site\/artic\/20190411\/imag\/protecciondedatos.pdf\" rel=\"noopener\">C\u00f3digo de conducta \u201cProtecci\u00f3n de datos\u201d Daimler<\/a><\/p>\n\n\n\n<p>Las p\u00e1ginas web de Daimler pueden contener enlaces a p\u00e1ginas web de otros proveedores, las cuales quedan excluidas de la presente declaraci\u00f3n de protecci\u00f3n de datos.<\/p>\n\n\n\n<h2 class=\"wp-block-heading\">Obtenci\u00f3n y procesamiento de datos personales<\/h2>\n\n\n\n<p>Al visitar nuestras p\u00e1ginas web, nuestros servidores web almacenan, de conformidad con unos est\u00e1ndares :<\/p>\n\n\n\n<p>&#8211; La direcci\u00f3n IP que le ha sido asignada por su proveedor de servicios de Internet.<br>&#8211; La p\u00e1gina web desde la que nos visita.<br>&#8211; Nuestras p\u00e1ginas visitadas, as\u00ed como la fecha y la duraci\u00f3n de la visita.<\/p>\n\n\n\n<p>Otros datos personales s\u00f3lo ser\u00e1n almacenados en caso de ser facilitados por usted, por ejemplo, con motivo de una inscripci\u00f3n, una encuesta, un concurso, o para la celebraci\u00f3n de un contrato, y siempre con su consentimiento.<\/p>\n\n\n\n<h2 class=\"wp-block-heading\">Finalidad, uso y transmisi\u00f3n de sus datos personales.<\/h2>\n\n\n\n<p>Si es usted miembro de una red social, y no desea que la red establezca un v\u00ednculo entre los datos recogidos durante su visita a nuestra p\u00e1gina web y los datos memorizados en su cuenta de usuario, debe cerrar la sesi\u00f3n en la red social correspondiente antes de activar los botones en nuestra p\u00e1gina web.<\/p>\n\n\n\n<h2 class=\"wp-block-heading\">Cookies<\/h2>\n\n\n\n<p>Daimler utiliza cookies para poder conocer las preferencias de los visitantes y as\u00ed poder optimizar la presentaci\u00f3n de las p\u00e1ginas web. Las cookies son peque\u00f1os archivos que se almacenan temporalmente en su disco duro. La informaci\u00f3n contenida en las cookies facilita la navegaci\u00f3n y hace posible que el usuario alcance un alto grado de satisfacci\u00f3n al visitar una p\u00e1gina web. Asimismo, las cookies nos ayudan a identificar las secciones m\u00e1s populares de nuestra oferta en Internet. De esta forma podemos adaptar a sus necesidades los contenidos de nuestra p\u00e1gina web de un modo m\u00e1s preciso y, por tanto, mejorar nuestras ofertas para usted. Las cookies tambi\u00e9n resultan \u00fatiles a la hora de averiguar si ya se ha producido previamente una comunicaci\u00f3n entre su ordenador y nuestra p\u00e1gina. Se identifica \u00fanicamente el cookie en su ordenador. Los datos relacionados con su persona s\u00f3lo se almacenar\u00e1n en forma de cookies si usted lo permite (por ejemplo, para simplificar el acceso a un sitio protegido en Internet, de tal forma que usted no deba introducir su ID de usuario y su contrase\u00f1a cada vez que entra.)<\/p>\n\n\n\n<p><br>Usted puede visitar nuestra p\u00e1gina web tambi\u00e9n sin cookies. La mayor\u00eda de los navegadores aceptan cookies de forma autom\u00e1tica. Usted podr\u00e1 evitar el almacenamiento de cookies en su disco duro mediante la elecci\u00f3n en su configuraci\u00f3n del navegador del comando *No aceptar cookies*. Podr\u00e1 obtener informaci\u00f3n m\u00e1s detallada de las instrucciones del fabricante de su navegador. Puede eliminar las cookies que ya est\u00e9n almacenadas en su ordenador en cualquier momento. El hecho de no aceptar cookies podr\u00e1 suponer una limitaci\u00f3n en la funcionalidad de nuestras ofertas.<br>Daimler utiliza para la evaluaci\u00f3n estad\u00edstica de los datos productos de Adobe.<\/p>\n\n\n\n<p><br>Si usted no desea que Daimler recoja y analice informaciones sobre su visita a las p\u00e1ginas web, puede rechazar en todo momento esta opci\u00f3n para el futuro (Opt-Out).<\/p>\n\n\n\n<p><br>A fin de permitir la ejecuci\u00f3n t\u00e9cnica de este derecho, se ha integrado en su navegador una Opt-Out cookie. Esta cookie se utiliza exclusivamente para asignar su rechazo a la memorizaci\u00f3n de datos. Tenga en cuenta que, por motivos t\u00e9cnicos, una Opt-Out cookie solamente tiene efecto para el navegador desde el cual se ha memorizado. Si borra usted las cookies o si utiliza un navegador o un terminal diferente, tendr\u00e1 que activar de nuevo la Opt-Out cookie.<\/p>\n\n\n\n<h2 class=\"wp-block-heading\">Seguridad<\/h2>\n\n\n\n<p>Daimler utiliza medidas de seguridad t\u00e9cnicas y organizativas para proteger sus datos tratados por nosotros frente a manipulaciones accidentales o dolosas, p\u00e9rdidas, destrucciones o el acceso de terceros no autorizados. Nuestras medidas de seguridad son permanentemente actualizadas de acuerdo con el desarrollo tecnol\u00f3gico.<\/p>\n\n\n\n<h2 class=\"wp-block-heading\"><br>Derecho de informaci\u00f3n<\/h2>\n\n\n\n<p>Tras la correspondiente solicitud, Daimler o el distribuidor de su pa\u00eds le comunicar\u00e1 inmediatamente por escrito, de conformidad con la legislaci\u00f3n aplicable, si tenemos almacenados datos personales suyos, y cu\u00e1les son \u00e9stos. En caso de que figure registrado como usuario, le ofrecemos la posibilidad de consultar personalmente sus datos, y, en su caso, proceder a su eliminaci\u00f3n o modificaci\u00f3n. Cuando, a pesar de nuestros esfuerzos por disponer de datos correctos y actualizados se hayan almacenado datos err\u00f3neos, procederemos a su correcci\u00f3n tras la oportuna solicitud.<\/p>\n\n\n\n<p>En caso de que tenga preguntas acerca del tratamiento de sus datos personales, puede dirigirse al responsable de la protecci\u00f3n de datos de nuestro grupo, quien junto con su equipo, est\u00e1 a su disposici\u00f3n en caso de que necesite informaci\u00f3n, desee hacer sugerencias o plantear quejas.<\/p>\n\n\n\n<p>Responsable de la protecci\u00f3n de datos del grupo<br>Chief officer corporate data protection<\/p>\n\n\n\n<p>Doctor Joachim Riess<br>Daimler AG<br>HPC 0518<br>D-70546 Stuttgart<br>Alemania<\/p>\n\n\n\n<p>\u00a9 Copyright Daimler AG<\/p>\n","protected":false},"excerpt":{"rendered":"<p>Daimler le agradece su visita a nuestra p\u00e1gina web, as\u00ed como su inter\u00e9s por nuestra empresa y nuestros productos. Nos tomamos muy en serio la protecci\u00f3n de sus datos personales y deseamos que se sienta a gusto durante la visita a nuestra p\u00e1gina web. La protecci\u00f3n de su \u00e1mbito privado durante el procesamiento de datos [&hellip;]<\/p>\n","protected":false},"author":1,"featured_media":0,"parent":0,"menu_order":0,"comment_status":"closed","ping_status":"closed","template":"","meta":{"footnotes":""},"class_list":["post-34","page","type-page","status-publish","hentry"],"_links":{"self":[{"href":"https:\/\/mercedes-uruguay.solucionsoft.com\/index.php?rest_route=\/wp\/v2\/pages\/34","targetHints":{"allow":["GET"]}}],"collection":[{"href":"https:\/\/mercedes-uruguay.solucionsoft.com\/index.php?rest_route=\/wp\/v2\/pages"}],"about":[{"href":"https:\/\/mercedes-uruguay.solucionsoft.com\/index.php?rest_route=\/wp\/v2\/types\/page"}],"author":[{"embeddable":true,"href":"https:\/\/mercedes-uruguay.solucionsoft.com\/index.php?rest_route=\/wp\/v2\/users\/1"}],"replies":[{"embeddable":true,"href":"https:\/\/mercedes-uruguay.solucionsoft.com\/index.php?rest_route=%2Fwp%2Fv2%2Fcomments&post=34"}],"version-history":[{"count":2,"href":"https:\/\/mercedes-uruguay.solucionsoft.com\/index.php?rest_route=\/wp\/v2\/pages\/34\/revisions"}],"predecessor-version":[{"id":36,"href":"https:\/\/mercedes-uruguay.solucionsoft.com\/index.php?rest_route=\/wp\/v2\/pages\/34\/revisions\/36"}],"wp:attachment":[{"href":"https:\/\/mercedes-uruguay.solucionsoft.com\/index.php?rest_route=%2Fwp%2Fv2%2Fmedia&parent=34"}],"curies":[{"name":"wp","href":"https:\/\/api.w.org\/{rel}","templated":true}]}}